{"id":616,"date":"2023-01-14T01:47:25","date_gmt":"2023-01-13T22:47:25","guid":{"rendered":"http:\/\/nobledizayn.com\/?page_id=616"},"modified":"2024-12-30T23:10:24","modified_gmt":"2024-12-30T20:10:24","slug":"bayi-girisi","status":"publish","type":"page","link":"https:\/\/nobledizayn.com\/index.php\/bayi-girisi\/","title":{"rendered":"Bayi Giri\u015fi"},"content":{"rendered":"\t\t<div data-elementor-type=\"wp-page\" data-elementor-id=\"616\" class=\"elementor elementor-616\">\n\t\t\t\t\t\t<section class=\"elementor-section elementor-top-section elementor-element elementor-element-5f4b0482 elementor-section-height-full elementor-section-items-top elementor-section-boxed elementor-section-height-default\" data-id=\"5f4b0482\" data-element_type=\"section\">\n\t\t\t\t\t\t<div class=\"elementor-container elementor-column-gap-default\">\n\t\t\t\t\t<div class=\"elementor-column elementor-col-100 elementor-top-column elementor-element elementor-element-31c0b376\" data-id=\"31c0b376\" data-element_type=\"column\">\n\t\t\t<div class=\"elementor-widget-wrap elementor-element-populated\">\n\t\t\t\t\t\t<div class=\"elementor-element elementor-element-3b2b89bc elementor-widget elementor-widget-heading\" data-id=\"3b2b89bc\" data-element_type=\"widget\" data-widget_type=\"heading.default\">\n\t\t\t\t<div class=\"elementor-widget-container\">\n\t\t\t\t\t<h2 class=\"elementor-heading-title elementor-size-default\">Bayi Giri\u015fi<\/h2>\t\t\t\t<\/div>\n\t\t\t\t<\/div>\n\t\t\t\t<div class=\"elementor-element elementor-element-117d0123 elementor-widget elementor-widget-text-editor\" data-id=\"117d0123\" data-element_type=\"widget\" data-widget_type=\"text-editor.default\">\n\t\t\t\t<div class=\"elementor-widget-container\">\n\t\t\t\t\t\t\t\t\t<h6><strong><em>Size \u00f6zel kampanyalar, yeni \u00fcr\u00fcnler, \u00fcr\u00fcn fiyatlar\u0131n\u0131 g\u00f6r\u00fcnt\u00fclemek i\u00e7in giri\u015f yap\u0131n.<\/em><\/strong><\/h6>\t\t\t\t\t\t\t\t<\/div>\n\t\t\t\t<\/div>\n\t\t\t\t<div class=\"elementor-element elementor-element-485a1d9f elementor-widget elementor-widget-button\" data-id=\"485a1d9f\" data-element_type=\"widget\" data-widget_type=\"button.default\">\n\t\t\t\t<div class=\"elementor-widget-container\">\n\t\t\t\t\t\t\t\t\t<div class=\"elementor-button-wrapper\">\n\t\t\t\t\t<a class=\"elementor-button elementor-button-link elementor-size-lg\" href=\"https:\/\/app.bizimsiparis.com\/dashboard\" target=\"_blank\">\n\t\t\t\t\t\t<span class=\"elementor-button-content-wrapper\">\n\t\t\t\t\t\t\t\t\t<span class=\"elementor-button-text\">Bayi Giri\u015fi<\/span>\n\t\t\t\t\t<\/span>\n\t\t\t\t\t<\/a>\n\t\t\t\t<\/div>\n\t\t\t\t\t\t\t\t<\/div>\n\t\t\t\t<\/div>\n\t\t\t\t\t<\/div>\n\t\t<\/div>\n\t\t\t\t\t<\/div>\n\t\t<\/section>\n\t\t\t\t<\/div>\n\t\t","protected":false},"excerpt":{"rendered":"<p>Bayi Giri\u015fi Size \u00f6zel kampanyalar, yeni \u00fcr\u00fcnler, \u00fcr\u00fcn fiyatlar\u0131n\u0131 g\u00f6r\u00fcnt\u00fclemek i\u00e7in giri\u015f yap\u0131n. Bayi Giri\u015fi<\/p>\n","protected":false},"author":1,"featured_media":0,"parent":0,"menu_order":0,"comment_status":"closed","ping_status":"closed","template":"elementor_header_footer","meta":{"footnotes":""},"class_list":["post-616","page","type-page","status-publish","hentry"],"_links":{"self":[{"href":"https:\/\/nobledizayn.com\/index.php\/wp-json\/wp\/v2\/pages\/616","targetHints":{"allow":["GET"]}}],"collection":[{"href":"https:\/\/nobledizayn.com\/index.php\/wp-json\/wp\/v2\/pages"}],"about":[{"href":"https:\/\/nobledizayn.com\/index.php\/wp-json\/wp\/v2\/types\/page"}],"author":[{"embeddable":true,"href":"https:\/\/nobledizayn.com\/index.php\/wp-json\/wp\/v2\/users\/1"}],"replies":[{"embeddable":true,"href":"https:\/\/nobledizayn.com\/index.php\/wp-json\/wp\/v2\/comments?post=616"}],"version-history":[{"count":63,"href":"https:\/\/nobledizayn.com\/index.php\/wp-json\/wp\/v2\/pages\/616\/revisions"}],"predecessor-version":[{"id":1256,"href":"https:\/\/nobledizayn.com\/index.php\/wp-json\/wp\/v2\/pages\/616\/revisions\/1256"}],"wp:attachment":[{"href":"https:\/\/nobledizayn.com\/index.php\/wp-json\/wp\/v2\/media?parent=616"}],"curies":[{"name":"wp","href":"https:\/\/api.w.org\/{rel}","templated":true}]}}