{"id":442,"date":"2023-01-09T00:31:09","date_gmt":"2023-01-08T21:31:09","guid":{"rendered":"http:\/\/nobledizayn.com\/?page_id=442"},"modified":"2025-01-13T23:42:52","modified_gmt":"2025-01-13T20:42:52","slug":"iletisim","status":"publish","type":"page","link":"https:\/\/nobledizayn.com\/index.php\/iletisim\/","title":{"rendered":"\u0130leti\u015fim"},"content":{"rendered":"\t\t<div data-elementor-type=\"wp-page\" data-elementor-id=\"442\" class=\"elementor elementor-442\">\n\t\t\t\t\t\t<section class=\"elementor-section elementor-top-section elementor-element elementor-element-08cf283 elementor-section-content-bottom elementor-section-boxed elementor-section-height-default elementor-section-height-default\" data-id=\"08cf283\" data-element_type=\"section\">\n\t\t\t\t\t\t\t<div class=\"elementor-background-overlay\"><\/div>\n\t\t\t\t\t\t\t<div class=\"elementor-container elementor-column-gap-extended\">\n\t\t\t\t\t<div class=\"elementor-column elementor-col-50 elementor-top-column elementor-element elementor-element-a5eaca3\" data-id=\"a5eaca3\" data-element_type=\"column\">\n\t\t\t<div class=\"elementor-widget-wrap elementor-element-populated\">\n\t\t\t\t\t\t<div class=\"elementor-element elementor-element-222b524 elementor-widget elementor-widget-heading\" data-id=\"222b524\" data-element_type=\"widget\" data-widget_type=\"heading.default\">\n\t\t\t\t<div class=\"elementor-widget-container\">\n\t\t\t\t\t<h2 class=\"elementor-heading-title elementor-size-medium\">Noble Dizayn Oto Aksesuar \u00dcretim ve Paz.Tic. Ltd. \u015eti.<\/h2>\t\t\t\t<\/div>\n\t\t\t\t<\/div>\n\t\t\t\t<div class=\"elementor-element elementor-element-70b55d5 elementor-widget elementor-widget-text-editor\" data-id=\"70b55d5\" data-element_type=\"widget\" data-widget_type=\"text-editor.default\">\n\t\t\t\t<div class=\"elementor-widget-container\">\n\t\t\t\t\t\t\t\t\t<p>Adem Yavuz Cad. \u00dcmraniye \/\u0130STANBUL<\/p>\t\t\t\t\t\t\t\t<\/div>\n\t\t\t\t<\/div>\n\t\t\t\t<div class=\"elementor-element elementor-element-b1aee9c elementor-widget elementor-widget-text-editor\" data-id=\"b1aee9c\" data-element_type=\"widget\" data-widget_type=\"text-editor.default\">\n\t\t\t\t<div class=\"elementor-widget-container\">\n\t\t\t\t\t\t\t\t\t<p>0 (551) 020 30 40<\/p>\t\t\t\t\t\t\t\t<\/div>\n\t\t\t\t<\/div>\n\t\t\t\t<div class=\"elementor-element elementor-element-4083bd4 elementor-widget elementor-widget-text-editor\" data-id=\"4083bd4\" data-element_type=\"widget\" data-widget_type=\"text-editor.default\">\n\t\t\t\t<div class=\"elementor-widget-container\">\n\t\t\t\t\t\t\t\t\t<p>info@nobledizayn.com<\/p>\t\t\t\t\t\t\t\t<\/div>\n\t\t\t\t<\/div>\n\t\t\t\t<div class=\"elementor-element elementor-element-dce6b7d elementor-widget elementor-widget-text-editor\" data-id=\"dce6b7d\" data-element_type=\"widget\" data-widget_type=\"text-editor.default\">\n\t\t\t\t<div class=\"elementor-widget-container\">\n\t\t\t\t\t\t\t\t\t<p>siparis@nobledizayn.com<\/p>\t\t\t\t\t\t\t\t<\/div>\n\t\t\t\t<\/div>\n\t\t\t\t<div class=\"elementor-element elementor-element-15aa176 elementor-widget elementor-widget-text-editor\" data-id=\"15aa176\" data-element_type=\"widget\" data-widget_type=\"text-editor.default\">\n\t\t\t\t<div class=\"elementor-widget-container\">\n\t\t\t\t\t\t\t\t\t<p>muhasebe@nobledizayn.com<\/p>\t\t\t\t\t\t\t\t<\/div>\n\t\t\t\t<\/div>\n\t\t\t\t<div class=\"elementor-element elementor-element-a1391d3 elementor-widget elementor-widget-text-editor\" data-id=\"a1391d3\" data-element_type=\"widget\" data-widget_type=\"text-editor.default\">\n\t\t\t\t<div class=\"elementor-widget-container\">\n\t\t\t\t\t\t\t\t\t<p>eticaret@nobledizayn.com<\/p>\t\t\t\t\t\t\t\t<\/div>\n\t\t\t\t<\/div>\n\t\t\t\t<div class=\"elementor-element elementor-element-32ef363 elementor-widget elementor-widget-text-editor\" data-id=\"32ef363\" data-element_type=\"widget\" data-widget_type=\"text-editor.default\">\n\t\t\t\t<div class=\"elementor-widget-container\">\n\t\t\t\t\t\t\t\t\t<p>export@nobledizayn.com<\/p>\t\t\t\t\t\t\t\t<\/div>\n\t\t\t\t<\/div>\n\t\t\t\t\t<\/div>\n\t\t<\/div>\n\t\t\t\t<div class=\"elementor-column elementor-col-50 elementor-top-column elementor-element elementor-element-a6ae5f5\" data-id=\"a6ae5f5\" data-element_type=\"column\">\n\t\t\t<div class=\"elementor-widget-wrap elementor-element-populated\">\n\t\t\t\t\t\t<div class=\"elementor-element elementor-element-9816dd5 elementor-widget elementor-widget-image\" data-id=\"9816dd5\" data-element_type=\"widget\" data-widget_type=\"image.default\">\n\t\t\t\t<div class=\"elementor-widget-container\">\n\t\t\t\t\t\t\t\t\t\t\t\t\t\t\t<img decoding=\"async\" width=\"300\" height=\"64\" src=\"https:\/\/nobledizayn.com\/wp-content\/uploads\/2022\/07\/nobledizayn_logo-Duzenlendi-300x64.png\" class=\"attachment-medium size-medium wp-image-990\" alt=\"\" srcset=\"https:\/\/nobledizayn.com\/wp-content\/uploads\/2022\/07\/nobledizayn_logo-Duzenlendi-300x64.png 300w, https:\/\/nobledizayn.com\/wp-content\/uploads\/2022\/07\/nobledizayn_logo-Duzenlendi-1024x219.png 1024w, https:\/\/nobledizayn.com\/wp-content\/uploads\/2022\/07\/nobledizayn_logo-Duzenlendi-768x164.png 768w, https:\/\/nobledizayn.com\/wp-content\/uploads\/2022\/07\/nobledizayn_logo-Duzenlendi.png 1254w\" sizes=\"(max-width: 300px) 100vw, 300px\" \/>\t\t\t\t\t\t\t\t\t\t\t\t\t\t\t<\/div>\n\t\t\t\t<\/div>\n\t\t\t\t\t<\/div>\n\t\t<\/div>\n\t\t\t\t\t<\/div>\n\t\t<\/section>\n\t\t\t\t<section class=\"elementor-section elementor-top-section elementor-element elementor-element-4dd98b5 elementor-section-boxed elementor-section-height-default elementor-section-height-default\" data-id=\"4dd98b5\" data-element_type=\"section\">\n\t\t\t\t\t\t<div class=\"elementor-container elementor-column-gap-default\">\n\t\t\t\t\t<div class=\"elementor-column elementor-col-100 elementor-top-column elementor-element elementor-element-4b1e537\" data-id=\"4b1e537\" data-element_type=\"column\">\n\t\t\t<div class=\"elementor-widget-wrap elementor-element-populated\">\n\t\t\t\t\t\t<div class=\"elementor-element elementor-element-d39fe8c elementor-widget elementor-widget-google_maps\" data-id=\"d39fe8c\" data-element_type=\"widget\" data-widget_type=\"google_maps.default\">\n\t\t\t\t<div class=\"elementor-widget-container\">\n\t\t\t\t\t\t\t<div class=\"elementor-custom-embed\">\n\t\t\t<iframe loading=\"lazy\"\n\t\t\t\t\tsrc=\"https:\/\/maps.google.com\/maps?q=adem%20yavuz%20caddesi%20&#038;t=m&#038;z=13&#038;output=embed&#038;iwloc=near\"\n\t\t\t\t\ttitle=\"adem yavuz caddesi \"\n\t\t\t\t\taria-label=\"adem yavuz caddesi \"\n\t\t\t><\/iframe>\n\t\t<\/div>\n\t\t\t\t\t\t<\/div>\n\t\t\t\t<\/div>\n\t\t\t\t\t<\/div>\n\t\t<\/div>\n\t\t\t\t\t<\/div>\n\t\t<\/section>\n\t\t\t\t<\/div>\n\t\t","protected":false},"excerpt":{"rendered":"<p>Noble Dizayn Oto Aksesuar \u00dcretim ve Paz.Tic. Ltd. \u015eti. Adem Yavuz Cad. \u00dcmraniye \/\u0130STANBUL 0 (551) 020 30 40 info@nobledizayn.com siparis@nobledizayn.com muhasebe@nobledizayn.com eticaret@nobledizayn.com export@nobledizayn.com<\/p>\n","protected":false},"author":1,"featured_media":0,"parent":0,"menu_order":0,"comment_status":"closed","ping_status":"closed","template":"elementor_header_footer","meta":{"footnotes":""},"class_list":["post-442","page","type-page","status-publish","hentry"],"_links":{"self":[{"href":"https:\/\/nobledizayn.com\/index.php\/wp-json\/wp\/v2\/pages\/442","targetHints":{"allow":["GET"]}}],"collection":[{"href":"https:\/\/nobledizayn.com\/index.php\/wp-json\/wp\/v2\/pages"}],"about":[{"href":"https:\/\/nobledizayn.com\/index.php\/wp-json\/wp\/v2\/types\/page"}],"author":[{"embeddable":true,"href":"https:\/\/nobledizayn.com\/index.php\/wp-json\/wp\/v2\/users\/1"}],"replies":[{"embeddable":true,"href":"https:\/\/nobledizayn.com\/index.php\/wp-json\/wp\/v2\/comments?post=442"}],"version-history":[{"count":130,"href":"https:\/\/nobledizayn.com\/index.php\/wp-json\/wp\/v2\/pages\/442\/revisions"}],"predecessor-version":[{"id":1264,"href":"https:\/\/nobledizayn.com\/index.php\/wp-json\/wp\/v2\/pages\/442\/revisions\/1264"}],"wp:attachment":[{"href":"https:\/\/nobledizayn.com\/index.php\/wp-json\/wp\/v2\/media?parent=442"}],"curies":[{"name":"wp","href":"https:\/\/api.w.org\/{rel}","templated":true}]}}