{"id":365,"date":"2023-01-08T00:27:30","date_gmt":"2023-01-07T21:27:30","guid":{"rendered":"http:\/\/nobledizayn.com\/?page_id=365"},"modified":"2024-03-30T00:52:29","modified_gmt":"2024-03-29T21:52:29","slug":"hakkimizda","status":"publish","type":"page","link":"https:\/\/nobledizayn.com\/index.php\/hakkimizda\/","title":{"rendered":"Hakk\u0131m\u0131zda"},"content":{"rendered":"\t\t<div data-elementor-type=\"wp-page\" data-elementor-id=\"365\" class=\"elementor elementor-365\">\n\t\t\t\t\t\t<section class=\"elementor-section elementor-top-section elementor-element elementor-element-084a9c2 elementor-section-content-middle elementor-section-height-full elementor-section-boxed elementor-section-height-default elementor-section-items-middle\" data-id=\"084a9c2\" data-element_type=\"section\">\n\t\t\t\t\t\t\t<div class=\"elementor-background-overlay\"><\/div>\n\t\t\t\t\t\t\t<div class=\"elementor-container elementor-column-gap-default\">\n\t\t\t\t\t<div class=\"elementor-column elementor-col-50 elementor-top-column elementor-element elementor-element-c08a5e4\" data-id=\"c08a5e4\" data-element_type=\"column\">\n\t\t\t<div class=\"elementor-widget-wrap elementor-element-populated\">\n\t\t\t\t\t\t<div class=\"elementor-element elementor-element-6781789 elementor-widget elementor-widget-image\" data-id=\"6781789\" data-element_type=\"widget\" data-widget_type=\"image.default\">\n\t\t\t\t<div class=\"elementor-widget-container\">\n\t\t\t\t\t\t\t\t\t\t\t\t\t\t\t<img fetchpriority=\"high\" decoding=\"async\" width=\"800\" height=\"171\" src=\"https:\/\/nobledizayn.com\/wp-content\/uploads\/2022\/07\/nobledizayn_logo-Duzenlendi-1024x219.png\" class=\"attachment-large size-large wp-image-990\" alt=\"\" srcset=\"https:\/\/nobledizayn.com\/wp-content\/uploads\/2022\/07\/nobledizayn_logo-Duzenlendi-1024x219.png 1024w, https:\/\/nobledizayn.com\/wp-content\/uploads\/2022\/07\/nobledizayn_logo-Duzenlendi-300x64.png 300w, https:\/\/nobledizayn.com\/wp-content\/uploads\/2022\/07\/nobledizayn_logo-Duzenlendi-768x164.png 768w, https:\/\/nobledizayn.com\/wp-content\/uploads\/2022\/07\/nobledizayn_logo-Duzenlendi.png 1254w\" sizes=\"(max-width: 800px) 100vw, 800px\" \/>\t\t\t\t\t\t\t\t\t\t\t\t\t\t\t<\/div>\n\t\t\t\t<\/div>\n\t\t\t\t\t<\/div>\n\t\t<\/div>\n\t\t\t\t<div class=\"elementor-column elementor-col-50 elementor-top-column elementor-element elementor-element-a106626\" data-id=\"a106626\" data-element_type=\"column\">\n\t\t\t<div class=\"elementor-widget-wrap elementor-element-populated\">\n\t\t\t\t\t\t<div class=\"elementor-element elementor-element-5b0a792 elementor-widget elementor-widget-heading\" data-id=\"5b0a792\" data-element_type=\"widget\" data-widget_type=\"heading.default\">\n\t\t\t\t<div class=\"elementor-widget-container\">\n\t\t\t\t\t<h2 class=\"elementor-heading-title elementor-size-default\">\u00dcretici fark\u0131yla...<\/h2>\t\t\t\t<\/div>\n\t\t\t\t<\/div>\n\t\t\t\t<div class=\"elementor-element elementor-element-685a108 elementor-widget elementor-widget-heading\" data-id=\"685a108\" data-element_type=\"widget\" data-widget_type=\"heading.default\">\n\t\t\t\t<div class=\"elementor-widget-container\">\n\t\t\t\t\t<h2 class=\"elementor-heading-title elementor-size-default\">Kaliteyi ya\u015fay\u0131n<\/h2>\t\t\t\t<\/div>\n\t\t\t\t<\/div>\n\t\t\t\t<div class=\"elementor-element elementor-element-0524cfd elementor-widget elementor-widget-text-editor\" data-id=\"0524cfd\" data-element_type=\"widget\" data-widget_type=\"text-editor.default\">\n\t\t\t\t<div class=\"elementor-widget-container\">\n\t\t\t\t\t\t\t\t\t<p>Tecr\u00fcbenin \u00fcretimle birle\u015fmesi ve m\u00fc\u015fteri memnuniyeti ile ya\u015fanan hazz\u0131n paha bi\u00e7ilmez mutlulu\u011funu m\u00fc\u015fterilerimizle birlikte ya\u015f\u0131yoruz.<\/p>\t\t\t\t\t\t\t\t<\/div>\n\t\t\t\t<\/div>\n\t\t\t\t\t<\/div>\n\t\t<\/div>\n\t\t\t\t\t<\/div>\n\t\t<\/section>\n\t\t\t\t<\/div>\n\t\t","protected":false},"excerpt":{"rendered":"<p>\u00dcretici fark\u0131yla&#8230; Kaliteyi ya\u015fay\u0131n Tecr\u00fcbenin \u00fcretimle birle\u015fmesi ve m\u00fc\u015fteri memnuniyeti ile ya\u015fanan hazz\u0131n paha bi\u00e7ilmez mutlulu\u011funu m\u00fc\u015fterilerimizle birlikte ya\u015f\u0131yoruz.<\/p>\n","protected":false},"author":1,"featured_media":0,"parent":0,"menu_order":0,"comment_status":"closed","ping_status":"closed","template":"elementor_header_footer","meta":{"footnotes":""},"class_list":["post-365","page","type-page","status-publish","hentry"],"_links":{"self":[{"href":"https:\/\/nobledizayn.com\/index.php\/wp-json\/wp\/v2\/pages\/365","targetHints":{"allow":["GET"]}}],"collection":[{"href":"https:\/\/nobledizayn.com\/index.php\/wp-json\/wp\/v2\/pages"}],"about":[{"href":"https:\/\/nobledizayn.com\/index.php\/wp-json\/wp\/v2\/types\/page"}],"author":[{"embeddable":true,"href":"https:\/\/nobledizayn.com\/index.php\/wp-json\/wp\/v2\/users\/1"}],"replies":[{"embeddable":true,"href":"https:\/\/nobledizayn.com\/index.php\/wp-json\/wp\/v2\/comments?post=365"}],"version-history":[{"count":61,"href":"https:\/\/nobledizayn.com\/index.php\/wp-json\/wp\/v2\/pages\/365\/revisions"}],"predecessor-version":[{"id":1214,"href":"https:\/\/nobledizayn.com\/index.php\/wp-json\/wp\/v2\/pages\/365\/revisions\/1214"}],"wp:attachment":[{"href":"https:\/\/nobledizayn.com\/index.php\/wp-json\/wp\/v2\/media?parent=365"}],"curies":[{"name":"wp","href":"https:\/\/api.w.org\/{rel}","templated":true}]}}